{"id":17,"date":"2018-01-07T14:28:50","date_gmt":"2018-01-07T12:28:50","guid":{"rendered":"http:\/\/www.egiannakakis.gr\/?page_id=17"},"modified":"2023-08-01T12:23:55","modified_gmt":"2023-08-01T10:23:55","slug":"aboutus","status":"publish","type":"page","link":"https:\/\/www.egiannakakis.gr\/de\/aboutus\/","title":{"rendered":"<strong>Giannakakis<\/strong> Beschattungssysteme Industrie"},"content":{"rendered":"<h2 class=\"page-sub-header\">Das f\u00fchrende Unternehmen in Griechenland im Bereichder Beschattungssysteme<\/h2>\r\nDas hiesige Unternehmen strebt stets die vollste Zufriedenheit seiner Kunden an und bietet einen ausgezeichneten Service an. Unser Unternehmen ist bereit, von den einfachsten Projekten bis hin zu den aufwendigsten Projekten zu \u00fcbernehmen und ideale Lebensbedingungen f\u00fcr Sie und Ihre Umgebung zu schaffen. Unser Firmenname steht f\u00fcr Qualit\u00e4t, Service, Fachwissen, entwickelte Technologie und Sicherheit.\r\n\r\n<h3>Unternehmensphilosophie<\/h3>\r\nUnsere Grundphilosophie ist, eine breite Palette von Produkten herzustellen, die zuverl\u00e4ssig den Bed\u00fcrfnissen unserer Kunden nachkommt. Unsere Philosophie ist es, stets Kundenzentriert zu arbeiten und jeden Kunden als Individuum und als einzigartig zu betrachten und ihm ideale L\u00f6sungen f\u00fcr jede Nachfrage und jeden Wunsch zu bieten. Denn Kundenorientierung zeichnet zweifellos den Kern der Philosophie eines jeden modernen Unternehmens. Auf dieser Weise bieten wir personifizierte Dienstleistungen an.\r\n\r\n<h3>Vision<\/h3>\r\nHauptziel unseres Unternehmens ist die kontinuierliche Forschung und Entwicklung von innovativen Produkten von hoher Qualit\u00e4t, welche etlichen Bed\u00fcrfnissen nachkommen und jeder Wetterbedingung standhalten.  Wir planen eine Expansion unseres Unternehmens in mehreren St\u00e4dten Griechenlands sowie in europ\u00e4ischen und au\u00dfereurop\u00e4ischen Staaten. Wir sind bereit, unsere Unternehmenskultur anderen L\u00e4ndern zu vermitteln und uns von anderen L\u00e4ndern beeinflussen zu lassen, um neue Produkte herzustellen, welche verschiedenen Bed\u00fcrfnissen und W\u00fcnschen nachkommen und so das gew\u00fcnschte Ergebnis zu erreichen.\r\n\r\nUnser Unternehmen bezweckt, in Zukunft weitere Produktionslinien zu erarbeiten und erhofft sich die Vermarktung und den Verkauf dieser Produkte.\r\n\r\nUnser Unternehmen f\u00f6rdert die Zwei-Wege-Kommunikation mit den Kunden und informiert sie \u00fcber Ziele und Ergebnisse. Somit wird ein gutes Vertrauensklima und Teamarbeit erschaffen, welche zu Effizienz und Produktivit\u00e4t f\u00fchren. Dadurch erhoffen wir uns eine positive Zusammenarbeit auch in der Zukunft.\r\n\r\n<h3>Technologischer Hintergrund<\/h3>\r\nUnser Unternehmen verf\u00fcgt \u00fcber die am weitesten entwickelten technologischen Produktionsmaschinen auf dem Markt und sichert somit die ausgezeichnete Qualit\u00e4t und Stabilit\u00e4t unserer Produkte. Wir gew\u00e4hrleisten die Lieferung von Spitzenprodukten, welche umgehend nach Ihrer Bestellung durchgef\u00fchrt wird und versprechen Ihnen ausgezeichnete Dienstleistungen von qualifiziertem Personal w\u00e4hrend der Anbringung und Montierung der Produkte.\r\n\r\n<h3>Arbeitskraftpotential<\/h3>\r\nDie Durchf\u00fchrung etlicher Projekte, welche unser Unternehmen \u00fcbernimmt, von den einfachsten bis hin zu den schwierigsten Aufgaben, ist unseren Arbeitskr\u00e4ften zu verdanken. Unsere Mitarbeiter sind die tragenden S\u00e4ulen unseres Unternehmens. Aus diesem Grund investieren wir einen erheblichen Teil unserer Ressourcen in die Weiterbildung des Personals, in die Technologie und in Produktionsprozessen.\r\n\r\nUnser Unternehmen verf\u00fcgt \u00fcber eine speziell ausgebildete Abteilung, welche sich mit der Einstellung von Arbeitskr\u00e4ften besch\u00e4ftigt und die Bewerber dahingehend \u00fcberpr\u00fcft, ob sie die Kriterien und die Bedingungen f\u00fcr die jeweilige Position erf\u00fcllen. Auf dieser Weise werden die Arbeitsstellen mit den geeignetesten und kompetentesten Mitarbeitern besetzt, welche zur Entwicklung des Unternehmens und zum Erfolg des Unternehmens beitragen.\r\n\r\n<h3>Mitarbeiternetzwerk<\/h3>\r\nDie richtige Organisation und das hohe Niveau des Fachwissens von unseren F\u00fchrungskr\u00e4ften f\u00fchren in Verbindung mit der 30-j\u00e4hrigen Erfahrung zur Entwicklung langfristiger Kooperation mit den zuverl\u00e4ssigsten und erfolgreichsten Fachleuten auf dem entsprechenden Gebiet. Durch systematische Studien entwickeln wir stets neue Kooperationen mit Fachleuten, die die Qualit\u00e4t unserer Projekte verbessern k\u00f6nnen. Durch die Zusammenarbeit sind wir in der Lage, qualitativ hochwertige Produkte zu liefern und versprechen Ihnen ausgezeichnete Ergebnisse. \r\n\r\nhttps:\/\/www.youtube.com\/watch?v=g6YFt32xKOU","protected":false},"excerpt":{"rendered":"<p>Das f\u00fchrende Unternehmen in Griechenland im Bereichder Beschattungssysteme Das hiesige Unternehmen strebt stets die vollste Zufriedenheit seiner Kunden an und bietet einen ausgezeichneten Service an. Unser Unternehmen ist bereit, von den einfachsten Projekten bis hin zu den aufwendigsten Projekten zu \u00fcbernehmen und ideale Lebensbedingungen f\u00fcr Sie und Ihre Umgebung zu schaffen. Unser Firmenname steht f\u00fcr [&hellip;]<\/p>\n","protected":false},"author":1,"featured_media":0,"parent":0,"menu_order":0,"comment_status":"closed","ping_status":"closed","template":"templates\/template-company.php","meta":{"footnotes":""},"yoast_head":"<!-- This site is optimized with the Yoast SEO plugin v22.3 - https:\/\/yoast.com\/wordpress\/plugins\/seo\/ -->\n<title>\u0395\u03c4\u03b1\u03b9\u03c1\u03af\u03b1 - \u03a4\u03ad\u03bd\u03c4\u03b5\u03c2 \u0393\u03b9\u03b1\u03bd\u03bd\u03b1\u03ba\u03ac\u03ba\u03b7\u03c2<\/title>\n<meta name=\"description\" content=\"\u0397 \u03ba\u03bf\u03c1\u03c5\u03c6\u03b1\u03af\u03b1 \u03b5\u03c4\u03b1\u03b9\u03c1\u03b5\u03af\u03b1 \u03c3\u03c4\u03b7\u03bd \u0395\u03bb\u03bb\u03ac\u03b4\u03b1 \u03c3\u03c4\u03bf \u03c7\u03ce\u03c1\u03bf \u03c4\u03c9\u03bd \u03c3\u03c5\u03c3\u03c4\u03b7\u03bc\u03ac\u03c4\u03c9\u03bd \u03c3\u03ba\u03af\u03b1\u03c3\u03b7\u03c2 \u03bc\u03b5 \u03b3\u03bd\u03ce\u03bc\u03bf\u03bd\u03b1 \u03c4\u03b7\u03bd \u03b1\u03c0\u03cc\u03bb\u03c5\u03c4\u03b7 \u03b9\u03ba\u03b1\u03bd\u03bf\u03c0\u03bf\u03af\u03b7\u03c3\u03b7 \u03c4\u03c9\u03bd \u03b1\u03bd\u03b1\u03b3\u03ba\u03ce\u03bd \u03c4\u03c9\u03bd \u03c0\u03b5\u03bb\u03b1\u03c4\u03ce\u03bd, \u03c4\u03b7\u03bd \u03ac\u03c1\u03b9\u03c3\u03c4\u03b7 \u03b5\u03be\u03c5\u03c0\u03b7\u03c1\u03ad\u03c4\u03b7\u03c3\u03b7 \u03ba\u03b1\u03b9 \u03c0\u03b1\u03c1\u03bf\u03c7\u03ae \u03c5\u03c0\u03b7\u03c1\u03b5\u03c3\u03b9\u03ce\u03bd.\" \/>\n<meta name=\"robots\" content=\"index, follow, max-snippet:-1, max-image-preview:large, max-video-preview:-1\" \/>\n<link rel=\"canonical\" href=\"https:\/\/www.egiannakakis.gr\/aboutus\/\" \/>\n<meta property=\"og:locale\" content=\"de_DE\" \/>\n<meta property=\"og:type\" content=\"article\" \/>\n<meta property=\"og:title\" content=\"\u0395\u03c4\u03b1\u03b9\u03c1\u03af\u03b1 - \u03a4\u03ad\u03bd\u03c4\u03b5\u03c2 \u0393\u03b9\u03b1\u03bd\u03bd\u03b1\u03ba\u03ac\u03ba\u03b7\u03c2\" \/>\n<meta property=\"og:description\" content=\"\u0397 \u03ba\u03bf\u03c1\u03c5\u03c6\u03b1\u03af\u03b1 \u03b5\u03c4\u03b1\u03b9\u03c1\u03b5\u03af\u03b1 \u03c3\u03c4\u03b7\u03bd \u0395\u03bb\u03bb\u03ac\u03b4\u03b1 \u03c3\u03c4\u03bf \u03c7\u03ce\u03c1\u03bf \u03c4\u03c9\u03bd \u03c3\u03c5\u03c3\u03c4\u03b7\u03bc\u03ac\u03c4\u03c9\u03bd \u03c3\u03ba\u03af\u03b1\u03c3\u03b7\u03c2 \u03bc\u03b5 \u03b3\u03bd\u03ce\u03bc\u03bf\u03bd\u03b1 \u03c4\u03b7\u03bd \u03b1\u03c0\u03cc\u03bb\u03c5\u03c4\u03b7 \u03b9\u03ba\u03b1\u03bd\u03bf\u03c0\u03bf\u03af\u03b7\u03c3\u03b7 \u03c4\u03c9\u03bd \u03b1\u03bd\u03b1\u03b3\u03ba\u03ce\u03bd \u03c4\u03c9\u03bd \u03c0\u03b5\u03bb\u03b1\u03c4\u03ce\u03bd, \u03c4\u03b7\u03bd \u03ac\u03c1\u03b9\u03c3\u03c4\u03b7 \u03b5\u03be\u03c5\u03c0\u03b7\u03c1\u03ad\u03c4\u03b7\u03c3\u03b7 \u03ba\u03b1\u03b9 \u03c0\u03b1\u03c1\u03bf\u03c7\u03ae \u03c5\u03c0\u03b7\u03c1\u03b5\u03c3\u03b9\u03ce\u03bd.\" \/>\n<meta property=\"og:url\" content=\"https:\/\/www.egiannakakis.gr\/aboutus\/\" \/>\n<meta property=\"og:site_name\" content=\"\u03a4\u03ad\u03bd\u03c4\u03b5\u03c2 \u0393\u03b9\u03b1\u03bd\u03bd\u03b1\u03ba\u03ac\u03ba\u03b7\u03c2\" \/>\n<meta property=\"article:modified_time\" content=\"2023-08-01T10:23:55+00:00\" \/>\n<meta name=\"twitter:card\" content=\"summary_large_image\" \/>\n<meta name=\"twitter:label1\" content=\"Gesch\u00e4tzte Lesezeit\" \/>\n\t<meta name=\"twitter:data1\" content=\"6\u00a0Minuten\" \/>\n<script type=\"application\/ld+json\" class=\"yoast-schema-graph\">{\"@context\":\"https:\/\/schema.org\",\"@graph\":[{\"@type\":\"WebPage\",\"@id\":\"https:\/\/www.egiannakakis.gr\/aboutus\/\",\"url\":\"https:\/\/www.egiannakakis.gr\/aboutus\/\",\"name\":\"\u0395\u03c4\u03b1\u03b9\u03c1\u03af\u03b1 - \u03a4\u03ad\u03bd\u03c4\u03b5\u03c2 \u0393\u03b9\u03b1\u03bd\u03bd\u03b1\u03ba\u03ac\u03ba\u03b7\u03c2\",\"isPartOf\":{\"@id\":\"https:\/\/www.egiannakakis.gr\/#website\"},\"datePublished\":\"2018-01-07T12:28:50+00:00\",\"dateModified\":\"2023-08-01T10:23:55+00:00\",\"description\":\"\u0397 \u03ba\u03bf\u03c1\u03c5\u03c6\u03b1\u03af\u03b1 \u03b5\u03c4\u03b1\u03b9\u03c1\u03b5\u03af\u03b1 \u03c3\u03c4\u03b7\u03bd \u0395\u03bb\u03bb\u03ac\u03b4\u03b1 \u03c3\u03c4\u03bf \u03c7\u03ce\u03c1\u03bf \u03c4\u03c9\u03bd \u03c3\u03c5\u03c3\u03c4\u03b7\u03bc\u03ac\u03c4\u03c9\u03bd \u03c3\u03ba\u03af\u03b1\u03c3\u03b7\u03c2 \u03bc\u03b5 \u03b3\u03bd\u03ce\u03bc\u03bf\u03bd\u03b1 \u03c4\u03b7\u03bd \u03b1\u03c0\u03cc\u03bb\u03c5\u03c4\u03b7 \u03b9\u03ba\u03b1\u03bd\u03bf\u03c0\u03bf\u03af\u03b7\u03c3\u03b7 \u03c4\u03c9\u03bd \u03b1\u03bd\u03b1\u03b3\u03ba\u03ce\u03bd \u03c4\u03c9\u03bd \u03c0\u03b5\u03bb\u03b1\u03c4\u03ce\u03bd, \u03c4\u03b7\u03bd \u03ac\u03c1\u03b9\u03c3\u03c4\u03b7 \u03b5\u03be\u03c5\u03c0\u03b7\u03c1\u03ad\u03c4\u03b7\u03c3\u03b7 \u03ba\u03b1\u03b9 \u03c0\u03b1\u03c1\u03bf\u03c7\u03ae \u03c5\u03c0\u03b7\u03c1\u03b5\u03c3\u03b9\u03ce\u03bd.\",\"breadcrumb\":{\"@id\":\"https:\/\/www.egiannakakis.gr\/aboutus\/#breadcrumb\"},\"inLanguage\":\"de\",\"potentialAction\":[{\"@type\":\"ReadAction\",\"target\":[\"https:\/\/www.egiannakakis.gr\/aboutus\/\"]}]},{\"@type\":\"BreadcrumbList\",\"@id\":\"https:\/\/www.egiannakakis.gr\/aboutus\/#breadcrumb\",\"itemListElement\":[{\"@type\":\"ListItem\",\"position\":1,\"name\":\"Home\",\"item\":\"https:\/\/www.egiannakakis.gr\/\"},{\"@type\":\"ListItem\",\"position\":2,\"name\":\"\u0393\u0399\u0391\u039d\u039d\u0391\u039a\u0391\u039a\u0397\u03a3 \u0392\u03b9\u03bf\u03c4\u03b5\u03c7\u03bd\u03af\u03b1 \u03c3\u03c5\u03c3\u03c4\u03b7\u03bc\u03ac\u03c4\u03c9\u03bd \u03c3\u03ba\u03af\u03b1\u03c3\u03b7\u03c2\"}]},{\"@type\":\"WebSite\",\"@id\":\"https:\/\/www.egiannakakis.gr\/#website\",\"url\":\"https:\/\/www.egiannakakis.gr\/\",\"name\":\"\u03a4\u03ad\u03bd\u03c4\u03b5\u03c2 \u0393\u03b9\u03b1\u03bd\u03bd\u03b1\u03ba\u03ac\u03ba\u03b7\u03c2\",\"description\":\"\u0392\u03b9\u03bf\u03c4\u03b5\u03c7\u03bd\u03af\u03b1 \u03c3\u03c5\u03c3\u03c4\u03b7\u03bc\u03ac\u03c4\u03c9\u03bd \u03c3\u03ba\u03af\u03b1\u03c3\u03b7\u03c2\",\"publisher\":{\"@id\":\"https:\/\/www.egiannakakis.gr\/#organization\"},\"potentialAction\":[{\"@type\":\"SearchAction\",\"target\":{\"@type\":\"EntryPoint\",\"urlTemplate\":\"https:\/\/www.egiannakakis.gr\/?s={search_term_string}\"},\"query-input\":\"required name=search_term_string\"}],\"inLanguage\":\"de\"},{\"@type\":\"Organization\",\"@id\":\"https:\/\/www.egiannakakis.gr\/#organization\",\"name\":\"\u0391\u03c6\u03bf\u03af \u0393\u03b9\u03b1\u03bd\u03bd\u03b1\u03ba\u03ac\u03ba\u03b7\u03c2\",\"url\":\"https:\/\/www.egiannakakis.gr\/\",\"logo\":{\"@type\":\"ImageObject\",\"inLanguage\":\"de\",\"@id\":\"https:\/\/www.egiannakakis.gr\/#\/schema\/logo\/image\/\",\"url\":\"https:\/\/www.egiannakakis.gr\/wp-content\/uploads\/2018\/02\/egiannakakis-logo.png\",\"contentUrl\":\"https:\/\/www.egiannakakis.gr\/wp-content\/uploads\/2018\/02\/egiannakakis-logo.png\",\"width\":311,\"height\":83,\"caption\":\"\u0391\u03c6\u03bf\u03af \u0393\u03b9\u03b1\u03bd\u03bd\u03b1\u03ba\u03ac\u03ba\u03b7\u03c2\"},\"image\":{\"@id\":\"https:\/\/www.egiannakakis.gr\/#\/schema\/logo\/image\/\"}}]}<\/script>\n<!-- \/ Yoast SEO plugin. -->","yoast_head_json":{"title":"\u0395\u03c4\u03b1\u03b9\u03c1\u03af\u03b1 - \u03a4\u03ad\u03bd\u03c4\u03b5\u03c2 \u0393\u03b9\u03b1\u03bd\u03bd\u03b1\u03ba\u03ac\u03ba\u03b7\u03c2","description":"\u0397 \u03ba\u03bf\u03c1\u03c5\u03c6\u03b1\u03af\u03b1 \u03b5\u03c4\u03b1\u03b9\u03c1\u03b5\u03af\u03b1 \u03c3\u03c4\u03b7\u03bd \u0395\u03bb\u03bb\u03ac\u03b4\u03b1 \u03c3\u03c4\u03bf \u03c7\u03ce\u03c1\u03bf \u03c4\u03c9\u03bd \u03c3\u03c5\u03c3\u03c4\u03b7\u03bc\u03ac\u03c4\u03c9\u03bd \u03c3\u03ba\u03af\u03b1\u03c3\u03b7\u03c2 \u03bc\u03b5 \u03b3\u03bd\u03ce\u03bc\u03bf\u03bd\u03b1 \u03c4\u03b7\u03bd \u03b1\u03c0\u03cc\u03bb\u03c5\u03c4\u03b7 \u03b9\u03ba\u03b1\u03bd\u03bf\u03c0\u03bf\u03af\u03b7\u03c3\u03b7 \u03c4\u03c9\u03bd \u03b1\u03bd\u03b1\u03b3\u03ba\u03ce\u03bd \u03c4\u03c9\u03bd \u03c0\u03b5\u03bb\u03b1\u03c4\u03ce\u03bd, \u03c4\u03b7\u03bd \u03ac\u03c1\u03b9\u03c3\u03c4\u03b7 \u03b5\u03be\u03c5\u03c0\u03b7\u03c1\u03ad\u03c4\u03b7\u03c3\u03b7 \u03ba\u03b1\u03b9 \u03c0\u03b1\u03c1\u03bf\u03c7\u03ae \u03c5\u03c0\u03b7\u03c1\u03b5\u03c3\u03b9\u03ce\u03bd.","robots":{"index":"index","follow":"follow","max-snippet":"max-snippet:-1","max-image-preview":"max-image-preview:large","max-video-preview":"max-video-preview:-1"},"canonical":"https:\/\/www.egiannakakis.gr\/aboutus\/","og_locale":"de_DE","og_type":"article","og_title":"\u0395\u03c4\u03b1\u03b9\u03c1\u03af\u03b1 - \u03a4\u03ad\u03bd\u03c4\u03b5\u03c2 \u0393\u03b9\u03b1\u03bd\u03bd\u03b1\u03ba\u03ac\u03ba\u03b7\u03c2","og_description":"\u0397 \u03ba\u03bf\u03c1\u03c5\u03c6\u03b1\u03af\u03b1 \u03b5\u03c4\u03b1\u03b9\u03c1\u03b5\u03af\u03b1 \u03c3\u03c4\u03b7\u03bd \u0395\u03bb\u03bb\u03ac\u03b4\u03b1 \u03c3\u03c4\u03bf \u03c7\u03ce\u03c1\u03bf \u03c4\u03c9\u03bd \u03c3\u03c5\u03c3\u03c4\u03b7\u03bc\u03ac\u03c4\u03c9\u03bd \u03c3\u03ba\u03af\u03b1\u03c3\u03b7\u03c2 \u03bc\u03b5 \u03b3\u03bd\u03ce\u03bc\u03bf\u03bd\u03b1 \u03c4\u03b7\u03bd \u03b1\u03c0\u03cc\u03bb\u03c5\u03c4\u03b7 \u03b9\u03ba\u03b1\u03bd\u03bf\u03c0\u03bf\u03af\u03b7\u03c3\u03b7 \u03c4\u03c9\u03bd \u03b1\u03bd\u03b1\u03b3\u03ba\u03ce\u03bd \u03c4\u03c9\u03bd \u03c0\u03b5\u03bb\u03b1\u03c4\u03ce\u03bd, \u03c4\u03b7\u03bd \u03ac\u03c1\u03b9\u03c3\u03c4\u03b7 \u03b5\u03be\u03c5\u03c0\u03b7\u03c1\u03ad\u03c4\u03b7\u03c3\u03b7 \u03ba\u03b1\u03b9 \u03c0\u03b1\u03c1\u03bf\u03c7\u03ae \u03c5\u03c0\u03b7\u03c1\u03b5\u03c3\u03b9\u03ce\u03bd.","og_url":"https:\/\/www.egiannakakis.gr\/aboutus\/","og_site_name":"\u03a4\u03ad\u03bd\u03c4\u03b5\u03c2 \u0393\u03b9\u03b1\u03bd\u03bd\u03b1\u03ba\u03ac\u03ba\u03b7\u03c2","article_modified_time":"2023-08-01T10:23:55+00:00","twitter_card":"summary_large_image","twitter_misc":{"Gesch\u00e4tzte Lesezeit":"6\u00a0Minuten"},"schema":{"@context":"https:\/\/schema.org","@graph":[{"@type":"WebPage","@id":"https:\/\/www.egiannakakis.gr\/aboutus\/","url":"https:\/\/www.egiannakakis.gr\/aboutus\/","name":"\u0395\u03c4\u03b1\u03b9\u03c1\u03af\u03b1 - \u03a4\u03ad\u03bd\u03c4\u03b5\u03c2 \u0393\u03b9\u03b1\u03bd\u03bd\u03b1\u03ba\u03ac\u03ba\u03b7\u03c2","isPartOf":{"@id":"https:\/\/www.egiannakakis.gr\/#website"},"datePublished":"2018-01-07T12:28:50+00:00","dateModified":"2023-08-01T10:23:55+00:00","description":"\u0397 \u03ba\u03bf\u03c1\u03c5\u03c6\u03b1\u03af\u03b1 \u03b5\u03c4\u03b1\u03b9\u03c1\u03b5\u03af\u03b1 \u03c3\u03c4\u03b7\u03bd \u0395\u03bb\u03bb\u03ac\u03b4\u03b1 \u03c3\u03c4\u03bf \u03c7\u03ce\u03c1\u03bf \u03c4\u03c9\u03bd \u03c3\u03c5\u03c3\u03c4\u03b7\u03bc\u03ac\u03c4\u03c9\u03bd \u03c3\u03ba\u03af\u03b1\u03c3\u03b7\u03c2 \u03bc\u03b5 \u03b3\u03bd\u03ce\u03bc\u03bf\u03bd\u03b1 \u03c4\u03b7\u03bd \u03b1\u03c0\u03cc\u03bb\u03c5\u03c4\u03b7 \u03b9\u03ba\u03b1\u03bd\u03bf\u03c0\u03bf\u03af\u03b7\u03c3\u03b7 \u03c4\u03c9\u03bd \u03b1\u03bd\u03b1\u03b3\u03ba\u03ce\u03bd \u03c4\u03c9\u03bd \u03c0\u03b5\u03bb\u03b1\u03c4\u03ce\u03bd, \u03c4\u03b7\u03bd \u03ac\u03c1\u03b9\u03c3\u03c4\u03b7 \u03b5\u03be\u03c5\u03c0\u03b7\u03c1\u03ad\u03c4\u03b7\u03c3\u03b7 \u03ba\u03b1\u03b9 \u03c0\u03b1\u03c1\u03bf\u03c7\u03ae \u03c5\u03c0\u03b7\u03c1\u03b5\u03c3\u03b9\u03ce\u03bd.","breadcrumb":{"@id":"https:\/\/www.egiannakakis.gr\/aboutus\/#breadcrumb"},"inLanguage":"de","potentialAction":[{"@type":"ReadAction","target":["https:\/\/www.egiannakakis.gr\/aboutus\/"]}]},{"@type":"BreadcrumbList","@id":"https:\/\/www.egiannakakis.gr\/aboutus\/#breadcrumb","itemListElement":[{"@type":"ListItem","position":1,"name":"Home","item":"https:\/\/www.egiannakakis.gr\/"},{"@type":"ListItem","position":2,"name":"\u0393\u0399\u0391\u039d\u039d\u0391\u039a\u0391\u039a\u0397\u03a3 \u0392\u03b9\u03bf\u03c4\u03b5\u03c7\u03bd\u03af\u03b1 \u03c3\u03c5\u03c3\u03c4\u03b7\u03bc\u03ac\u03c4\u03c9\u03bd \u03c3\u03ba\u03af\u03b1\u03c3\u03b7\u03c2"}]},{"@type":"WebSite","@id":"https:\/\/www.egiannakakis.gr\/#website","url":"https:\/\/www.egiannakakis.gr\/","name":"\u03a4\u03ad\u03bd\u03c4\u03b5\u03c2 \u0393\u03b9\u03b1\u03bd\u03bd\u03b1\u03ba\u03ac\u03ba\u03b7\u03c2","description":"\u0392\u03b9\u03bf\u03c4\u03b5\u03c7\u03bd\u03af\u03b1 \u03c3\u03c5\u03c3\u03c4\u03b7\u03bc\u03ac\u03c4\u03c9\u03bd \u03c3\u03ba\u03af\u03b1\u03c3\u03b7\u03c2","publisher":{"@id":"https:\/\/www.egiannakakis.gr\/#organization"},"potentialAction":[{"@type":"SearchAction","target":{"@type":"EntryPoint","urlTemplate":"https:\/\/www.egiannakakis.gr\/?s={search_term_string}"},"query-input":"required name=search_term_string"}],"inLanguage":"de"},{"@type":"Organization","@id":"https:\/\/www.egiannakakis.gr\/#organization","name":"\u0391\u03c6\u03bf\u03af \u0393\u03b9\u03b1\u03bd\u03bd\u03b1\u03ba\u03ac\u03ba\u03b7\u03c2","url":"https:\/\/www.egiannakakis.gr\/","logo":{"@type":"ImageObject","inLanguage":"de","@id":"https:\/\/www.egiannakakis.gr\/#\/schema\/logo\/image\/","url":"https:\/\/www.egiannakakis.gr\/wp-content\/uploads\/2018\/02\/egiannakakis-logo.png","contentUrl":"https:\/\/www.egiannakakis.gr\/wp-content\/uploads\/2018\/02\/egiannakakis-logo.png","width":311,"height":83,"caption":"\u0391\u03c6\u03bf\u03af \u0393\u03b9\u03b1\u03bd\u03bd\u03b1\u03ba\u03ac\u03ba\u03b7\u03c2"},"image":{"@id":"https:\/\/www.egiannakakis.gr\/#\/schema\/logo\/image\/"}}]}},"_links":{"self":[{"href":"https:\/\/www.egiannakakis.gr\/de\/wp-json\/wp\/v2\/pages\/17"}],"collection":[{"href":"https:\/\/www.egiannakakis.gr\/de\/wp-json\/wp\/v2\/pages"}],"about":[{"href":"https:\/\/www.egiannakakis.gr\/de\/wp-json\/wp\/v2\/types\/page"}],"author":[{"embeddable":true,"href":"https:\/\/www.egiannakakis.gr\/de\/wp-json\/wp\/v2\/users\/1"}],"replies":[{"embeddable":true,"href":"https:\/\/www.egiannakakis.gr\/de\/wp-json\/wp\/v2\/comments?post=17"}],"version-history":[{"count":15,"href":"https:\/\/www.egiannakakis.gr\/de\/wp-json\/wp\/v2\/pages\/17\/revisions"}],"predecessor-version":[{"id":996,"href":"https:\/\/www.egiannakakis.gr\/de\/wp-json\/wp\/v2\/pages\/17\/revisions\/996"}],"wp:attachment":[{"href":"https:\/\/www.egiannakakis.gr\/de\/wp-json\/wp\/v2\/media?parent=17"}],"curies":[{"name":"wp","href":"https:\/\/api.w.org\/{rel}","templated":true}]}}