{"id":11,"date":"2018-01-07T14:27:39","date_gmt":"2018-01-07T12:27:39","guid":{"rendered":"http:\/\/www.egiannakakis.gr\/?page_id=11"},"modified":"2025-02-24T13:39:21","modified_gmt":"2025-02-24T11:39:21","slug":"shading-solutions","status":"publish","type":"page","link":"https:\/\/www.egiannakakis.gr\/de\/shading-solutions\/","title":{"rendered":"<strong>Beschattungen<\/strong> f\u00fcr jeden Bereich"},"content":{"rendered":"<div class=\"row\">\r\n<div class=\"col-sm-6 col-lg-6 service-item\">\r\n<div class=\"row\">\r\n<div class=\"col-lg-6\"><a href=\"#\"><img decoding=\"async\" class=\"img-fluid img-fluid\" src=\"https:\/\/www.egiannakakis.gr\/wp-content\/uploads\/2018\/01\/list-service-01.jpg\" \/><\/a><\/div>\r\n<div class=\"col-lg-6\">\r\n<h3><a href=\"#\">Privater Wohnsitz<\/a><\/h3>\r\nEs handelt sich um den perfekten Ort, um sich sicher zu f\u00fchlen und sich zu entspannen. Diese Gef\u00fchle verleihen Ihnen unsere Beschattungssysteme.\r\n\r\n<\/div>\r\n<\/div>\r\n<\/div>\r\n<div class=\"col-sm-6 col-lg-6 service-item\">\r\n<div class=\"row\">\r\n<div class=\"col-lg-6\"><a href=\"#\"><img decoding=\"async\" class=\"img-fluid img-fluid\" src=\"https:\/\/www.egiannakakis.gr\/wp-content\/uploads\/2018\/01\/list-service-02.jpg\" \/><\/a><\/div>\r\n<div class=\"col-lg-6\">\r\n<h3><a href=\"#\">Restaurants &#8211; Cafes<\/a><\/h3>\r\nLokale sind geeignete Orte, um Beschattungs- und Schutzsysteme anzubringen. Somit wird ein warmes und freundliches Klima f\u00fcr die G\u00e4ste geschaffen.\r\n\r\n<\/div>\r\n<\/div>\r\n<\/div>\r\n<div class=\"col-sm-6 col-lg-6 service-item\">\r\n<div class=\"row\">\r\n<div class=\"col-lg-6\"><a href=\"#\"><img decoding=\"async\" class=\"img-fluid img-fluid\" src=\"https:\/\/www.egiannakakis.gr\/wp-content\/uploads\/2018\/01\/list-service-03.jpg\" \/><\/a><\/div>\r\n<div class=\"col-lg-6\">\r\n<h3><a href=\"#\">Hotels<\/a><\/h3>\r\nKleine Hotels oder auch gro\u00dfe Hotelanlagen sorgen f\u00fcr unvergessliche Erlebnisse und bieten mit dem Einsatz von Beschattungssystemen ideale Aufenthaltsbedingungen f\u00fcr die G\u00e4ste.\r\n\r\n<\/div>\r\n<\/div>\r\n<\/div>\r\n<div class=\"col-sm-6 col-lg-6 service-item\">\r\n<div class=\"row\">\r\n<div class=\"col-lg-6\"><a href=\"#\"><img decoding=\"async\" class=\"img-fluid img-fluid\" src=\"https:\/\/www.egiannakakis.gr\/wp-content\/uploads\/2018\/01\/list-service-04.jpg\" \/><\/a><\/div>\r\n<div class=\"col-lg-6\">\r\n<h3><a href=\"#\">Sonderkonstruktionen<\/a><\/h3>\r\nPhantasie und Bed\u00fcrfnisse k\u00f6nnen spezielle Konstruktionen schaffen, die jeden Raum bedecken, sch\u00fctzen und dekorieren.\r\n\r\n<\/div>\r\n<\/div>\r\n<\/div>\r\n<div class=\"col-sm-6 col-lg-6 service-item\">\r\n<div class=\"row\">\r\n<div class=\"col-lg-6\"><a href=\"#\"><img decoding=\"async\" class=\"img-fluid img-fluid\" src=\"https:\/\/www.egiannakakis.gr\/wp-content\/uploads\/2018\/01\/list-service-05.jpg\" \/><\/a><\/div>\r\n<div class=\"col-lg-6\">\r\n<h3><a href=\"#\">Beschattung von Innenr\u00e4umen<\/a><\/h3>\r\nNotwendigkeiten der Innenr\u00e4ume sind Eleganz und Erhaltung der Privatsph\u00e4re. Dabei handelt es sich um Aspekte, die durch die Anbringung von Beschattungssystemen in den Innenr\u00e4umen erf\u00fcllt werden.\r\n\r\n<\/div>\r\n<\/div>\r\n<\/div>\r\n<div class=\"col-sm-6 col-lg-6 service-item\">\r\n<div class=\"row\">\r\n<div class=\"col-lg-6\"><a href=\"#\"><img decoding=\"async\" class=\"img-fluid img-fluid\" src=\"https:\/\/www.egiannakakis.gr\/wp-content\/uploads\/2018\/01\/list-service-06.jpg\" \/><\/a><\/div>\r\n<div class=\"col-lg-6\">\r\n<h3><a href=\"#\">Beschattungsm\u00f6glichkeiten f\u00fcr Parkpl\u00e4tze<\/a><\/h3>\r\nParkpl\u00e4tze sind sowohl f\u00fcr Gesch\u00e4ftsbereiche als auch f\u00fcr private Orte gleicherma\u00dfen wichtig. Sie bieten Bequemlichkeit an und sind hilfsreich.\r\n\r\n<\/div>\r\n<\/div>\r\n<\/div>\r\n<div class=\"col-sm-6 col-lg-6 service-item\">\r\n<div class=\"row\">\r\n<div class=\"col-lg-6\"><a href=\"#\"><img decoding=\"async\" class=\"img-fluid img-fluid\" src=\"https:\/\/www.egiannakakis.gr\/wp-content\/uploads\/2018\/02\/intustrial-thumb.jpg\" \/><\/a><\/div>\r\n<div class=\"col-lg-6\">\r\n<h3><a href=\"#\">Industriegebiete<\/a><\/h3>\r\nEs gibt spezielle Bereiche mit besonderen Anforderungen, die durch die Installation von Sonderkonstruktionen funktionsf\u00e4hig und zug\u00e4nglich werden.\r\n\r\n<\/div>\r\n<\/div>\r\n<\/div>\r\n<div class=\"col-sm-6 col-lg-6 service-item\">\r\n<div class=\"row\">\r\n<div class=\"col-lg-6\"><a href=\"#\"><img decoding=\"async\" class=\"img-fluid img-fluid\" src=\"https:\/\/www.egiannakakis.gr\/wp-content\/uploads\/2018\/02\/public-sector-constructions-thumb.jpg\" \/><\/a><\/div>\r\n<div class=\"col-lg-6\">\r\n<h3><a href=\"#\">\u00d6ffentliche Projekte<\/a><\/h3>\r\nDer Schutz und die Pflege von \u00f6ffentlichen Gebieten kommt der lokalen Gemeinschaft und ihren Menschen zugute.\r\n\r\n<\/div>\r\n<\/div>\r\n<\/div>\r\n<\/div>\r\n            <div class=\"row\">\r\n                <div class=\"col-sm-6 col-lg-6 service-item\">\r\n                    <div class=\"row\">\r\n                        <div class=\"col-lg-6\">\r\n                            <a href=\"#\"><img decoding=\"async\" src=\"https:\/\/www.egiannakakis.gr\/wp-content\/uploads\/2018\/01\/list-service-01.jpg\" class=\"img-fluid img-fluid\" \/><\/a>\r\n                        <\/div>\r\n                        <div class=\"col-lg-6\">\r\n                            <h3><a href=\"#\">Privater Wohnsitz<\/a><\/h3>\r\n                            <p>Es handelt sich um den perfekten Ort, um sich sicher zu f\u00fchlen und sich zu entspannen. Diese Gef\u00fchle verleihen Ihnen unsere Beschattungssysteme.<\/p>\r\n                        <\/div>                    \r\n                    <\/div>\r\n                <\/div>\r\n\r\n                <div class=\"col-sm-6 col-lg-6 service-item\">\r\n                    <div class=\"row\">\r\n                        <div class=\"col-lg-6\">\r\n                            <a href=\"#\"><img decoding=\"async\" src=\"https:\/\/www.egiannakakis.gr\/wp-content\/uploads\/2018\/01\/list-service-02.jpg\" class=\"img-fluid img-fluid\" \/><\/a>\r\n                        <\/div>\r\n                        <div class=\"col-lg-6\">\r\n                            <h3><a href=\"#\">Restaurants &#8211; Cafes<\/a><\/h3>\r\n                            <p>Lokale sind geeignete Orte, um Beschattungs- und Schutzsysteme anzubringen. Somit wird ein warmes und freundliches Klima f\u00fcr die G\u00e4ste geschaffen.<\/p>\r\n                        <\/div>                    \r\n                    <\/div>\r\n                <\/div>\r\n\r\n                <div class=\"col-sm-6 col-lg-6 service-item\">\r\n                    <div class=\"row\">\r\n                        <div class=\"col-lg-6\">\r\n                            <a href=\"#\"><img decoding=\"async\" src=\"https:\/\/www.egiannakakis.gr\/wp-content\/uploads\/2018\/01\/list-service-03.jpg\" class=\"img-fluid img-fluid\" \/><\/a>\r\n                        <\/div>\r\n                        <div class=\"col-lg-6\">\r\n                            <h3><a href=\"#\">Hotels<\/a><\/h3>\r\n                            <p>Kleine Hotels oder auch gro\u00dfe Hotelanlagen sorgen f\u00fcr unvergessliche Erlebnisse und bieten mit dem Einsatz von Beschattungssystemen ideale Aufenthaltsbedingungen f\u00fcr die G\u00e4ste. <\/p>\r\n                        <\/div>                    \r\n                    <\/div>\r\n                <\/div>\r\n                \r\n                <div class=\"col-sm-6 col-lg-6 service-item\">\r\n                    <div class=\"row\">\r\n                        <div class=\"col-lg-6\">\r\n                            <a href=\"#\"><img decoding=\"async\" src=\"https:\/\/www.egiannakakis.gr\/wp-content\/uploads\/2018\/01\/list-service-04.jpg\" class=\"img-fluid img-fluid\" \/><\/a>\r\n                        <\/div>\r\n                        <div class=\"col-lg-6\">\r\n                            <h3><a href=\"#\">Sonderkonstruktionen<\/a><\/h3>\r\n                            <p>Phantasie und Bed\u00fcrfnisse k\u00f6nnen spezielle Konstruktionen schaffen, die jeden Raum bedecken, sch\u00fctzen und dekorieren.<\/p>\r\n                        <\/div>                    \r\n                    <\/div>\r\n                <\/div>\r\n                \r\n                <div class=\"col-sm-6 col-lg-6 service-item\">\r\n                    <div class=\"row\">\r\n                        <div class=\"col-lg-6\">\r\n                            <a href=\"#\"><img decoding=\"async\" src=\"https:\/\/www.egiannakakis.gr\/wp-content\/uploads\/2018\/01\/list-service-05.jpg\" class=\"img-fluid img-fluid\" \/><\/a>\r\n                        <\/div>\r\n                        <div class=\"col-lg-6\">\r\n                            <h3><a href=\"#\">Beschattung von Innenr\u00e4umen<\/a><\/h3>\r\n                            <p>Notwendigkeiten der Innenr\u00e4ume sind Eleganz und Erhaltung der Privatsph\u00e4re. Dabei handelt es sich um Aspekte, die durch die Anbringung von Beschattungssystemen in den Innenr\u00e4umen erf\u00fcllt werden.<\/p>\r\n                        <\/div>                    \r\n                    <\/div>\r\n                <\/div>\r\n                \r\n                <div class=\"col-sm-6 col-lg-6 service-item\">\r\n                    <div class=\"row\">\r\n                        <div class=\"col-lg-6\">\r\n                            <a href=\"#\"><img decoding=\"async\" src=\"https:\/\/www.egiannakakis.gr\/wp-content\/uploads\/2018\/01\/list-service-06.jpg\" class=\"img-fluid img-fluid\" \/><\/a>\r\n                        <\/div>\r\n                        <div class=\"col-lg-6\">\r\n                            <h3><a href=\"#\">Beschattungsm\u00f6glichkeiten f\u00fcr Parkpl\u00e4tze<\/a><\/h3>\r\n                            <p>Parkpl\u00e4tze sind sowohl f\u00fcr Gesch\u00e4ftsbereiche als auch f\u00fcr private Orte gleicherma\u00dfen wichtig. Sie bieten Bequemlichkeit an und sind hilfsreich.<\/p>\r\n                        <\/div>                    \r\n                    <\/div>\r\n                <\/div>\r\n                                \r\n                <div class=\"col-sm-6 col-lg-6 service-item\">\r\n                    <div class=\"row\">\r\n                        <div class=\"col-lg-6\">\r\n                            <a href=\"#\"><img decoding=\"async\" src=\"https:\/\/www.egiannakakis.gr\/wp-content\/uploads\/2018\/02\/intustrial-thumb.jpg\" class=\"img-fluid img-fluid\" \/><\/a>\r\n                        <\/div>\r\n                        <div class=\"col-lg-6\">\r\n                            <h3><a href=\"#\">Industriegebiete<\/a><\/h3>\r\n                            <p>Es gibt spezielle Bereiche mit besonderen Anforderungen, die durch die Installation von Sonderkonstruktionen funktionsf\u00e4hig und zug\u00e4nglich werden.<\/p>\r\n                        <\/div>                    \r\n                    <\/div>\r\n                <\/div>\r\n                \r\n                <div class=\"col-sm-6 col-lg-6 service-item\">\r\n                    <div class=\"row\">\r\n                        <div class=\"col-lg-6\">\r\n                            <a href=\"#\"><img decoding=\"async\" src=\"https:\/\/www.egiannakakis.gr\/wp-content\/uploads\/2018\/02\/public-sector-constructions-thumb.jpg\" class=\"img-fluid img-fluid\" \/><\/a>\r\n                        <\/div>\r\n                        <div class=\"col-lg-6\">\r\n                            <h3><a href=\"#\">\u00d6ffentliche Projekte<\/a><\/h3>\r\n                            <p>Der Schutz und die Pflege von \u00f6ffentlichen Gebieten kommt der lokalen Gemeinschaft und ihren Menschen zugute.<\/p>\r\n                        <\/div>                    \r\n                    <\/div>\r\n                <\/div>\r\n                                \r\n            <\/div>","protected":false},"excerpt":{"rendered":"<p>Privater Wohnsitz Es handelt sich um den perfekten Ort, um sich sicher zu f\u00fchlen und sich zu entspannen. Diese Gef\u00fchle verleihen Ihnen unsere Beschattungssysteme. Restaurants &#8211; Cafes Lokale sind geeignete Orte, um Beschattungs- und Schutzsysteme anzubringen. Somit wird ein warmes und freundliches Klima f\u00fcr die G\u00e4ste geschaffen. Hotels Kleine Hotels oder auch gro\u00dfe Hotelanlagen sorgen [&hellip;]<\/p>\n","protected":false},"author":1,"featured_media":0,"parent":0,"menu_order":0,"comment_status":"closed","ping_status":"closed","template":"templates\/template-full-width.php","meta":{"footnotes":""},"yoast_head":"<!-- This site is optimized with the Yoast SEO plugin v22.3 - https:\/\/yoast.com\/wordpress\/plugins\/seo\/ -->\n<title>Beschattungen f\u00fcr jeden Bereich - \u03a4\u03ad\u03bd\u03c4\u03b5\u03c2 \u0393\u03b9\u03b1\u03bd\u03bd\u03b1\u03ba\u03ac\u03ba\u03b7\u03c2<\/title>\n<meta name=\"robots\" content=\"index, follow, max-snippet:-1, max-image-preview:large, max-video-preview:-1\" \/>\n<link rel=\"canonical\" href=\"https:\/\/www.egiannakakis.gr\/shading-solutions\/\" \/>\n<meta property=\"og:locale\" content=\"de_DE\" \/>\n<meta property=\"og:type\" content=\"article\" \/>\n<meta property=\"og:title\" content=\"[:el]\u039b\u03cd\u03c3\u03b5\u03b9\u03c2 \u03c3\u03ba\u03af\u03b1\u03c3\u03b7\u03c2 \u03b3\u03b9\u03b1 \u03ba\u03ac\u03b8\u03b5 \u03c7\u03ce\u03c1\u03bf[:en]Shading solution for every space[:de]Beschattungen f\u00fcr jeden Bereich[:] - \u03a4\u03ad\u03bd\u03c4\u03b5\u03c2 \u0393\u03b9\u03b1\u03bd\u03bd\u03b1\u03ba\u03ac\u03ba\u03b7\u03c2\" \/>\n<meta property=\"og:description\" content=\"Privater Wohnsitz Es handelt sich um den perfekten Ort, um sich sicher zu f\u00fchlen und sich zu entspannen. Diese Gef\u00fchle verleihen Ihnen unsere Beschattungssysteme. Restaurants &#8211; Cafes Lokale sind geeignete Orte, um Beschattungs- und Schutzsysteme anzubringen. Somit wird ein warmes und freundliches Klima f\u00fcr die G\u00e4ste geschaffen. Hotels Kleine Hotels oder auch gro\u00dfe Hotelanlagen sorgen [&hellip;]\" \/>\n<meta property=\"og:url\" content=\"https:\/\/www.egiannakakis.gr\/shading-solutions\/\" \/>\n<meta property=\"og:site_name\" content=\"\u03a4\u03ad\u03bd\u03c4\u03b5\u03c2 \u0393\u03b9\u03b1\u03bd\u03bd\u03b1\u03ba\u03ac\u03ba\u03b7\u03c2\" \/>\n<meta property=\"article:modified_time\" content=\"2025-02-24T11:39:21+00:00\" \/>\n<meta property=\"og:image\" content=\"https:\/\/www.egiannakakis.gr\/wp-content\/uploads\/2018\/02\/P1010009.jpg\" \/>\n<meta name=\"twitter:card\" content=\"summary_large_image\" \/>\n<meta name=\"twitter:label1\" content=\"Gesch\u00e4tzte Lesezeit\" \/>\n\t<meta name=\"twitter:data1\" content=\"8\u00a0Minuten\" \/>\n<script type=\"application\/ld+json\" class=\"yoast-schema-graph\">{\"@context\":\"https:\/\/schema.org\",\"@graph\":[{\"@type\":\"WebPage\",\"@id\":\"https:\/\/www.egiannakakis.gr\/shading-solutions\/\",\"url\":\"https:\/\/www.egiannakakis.gr\/shading-solutions\/\",\"name\":\"[:el]\u039b\u03cd\u03c3\u03b5\u03b9\u03c2 \u03c3\u03ba\u03af\u03b1\u03c3\u03b7\u03c2 \u03b3\u03b9\u03b1 \u03ba\u03ac\u03b8\u03b5 \u03c7\u03ce\u03c1\u03bf[:en]Shading solution for every space[:de]Beschattungen f\u00fcr jeden Bereich[:] - \u03a4\u03ad\u03bd\u03c4\u03b5\u03c2 \u0393\u03b9\u03b1\u03bd\u03bd\u03b1\u03ba\u03ac\u03ba\u03b7\u03c2\",\"isPartOf\":{\"@id\":\"https:\/\/www.egiannakakis.gr\/#website\"},\"primaryImageOfPage\":{\"@id\":\"https:\/\/www.egiannakakis.gr\/shading-solutions\/#primaryimage\"},\"image\":{\"@id\":\"https:\/\/www.egiannakakis.gr\/shading-solutions\/#primaryimage\"},\"thumbnailUrl\":\"https:\/\/www.egiannakakis.gr\/wp-content\/uploads\/2018\/01\/list-service-01.jpg\",\"datePublished\":\"2018-01-07T12:27:39+00:00\",\"dateModified\":\"2025-02-24T11:39:21+00:00\",\"breadcrumb\":{\"@id\":\"https:\/\/www.egiannakakis.gr\/shading-solutions\/#breadcrumb\"},\"inLanguage\":\"de\",\"potentialAction\":[{\"@type\":\"ReadAction\",\"target\":[\"https:\/\/www.egiannakakis.gr\/shading-solutions\/\"]}]},{\"@type\":\"ImageObject\",\"inLanguage\":\"de\",\"@id\":\"https:\/\/www.egiannakakis.gr\/shading-solutions\/#primaryimage\",\"url\":\"https:\/\/www.egiannakakis.gr\/wp-content\/uploads\/2018\/01\/list-service-01.jpg\",\"contentUrl\":\"https:\/\/www.egiannakakis.gr\/wp-content\/uploads\/2018\/01\/list-service-01.jpg\",\"width\":310,\"height\":288},{\"@type\":\"BreadcrumbList\",\"@id\":\"https:\/\/www.egiannakakis.gr\/shading-solutions\/#breadcrumb\",\"itemListElement\":[{\"@type\":\"ListItem\",\"position\":1,\"name\":\"Home\",\"item\":\"https:\/\/www.egiannakakis.gr\/\"},{\"@type\":\"ListItem\",\"position\":2,\"name\":\"\u039b\u03cd\u03c3\u03b5\u03b9\u03c2 \u03c3\u03ba\u03af\u03b1\u03c3\u03b7\u03c2 \u03b3\u03b9\u03b1 \u03ba\u03ac\u03b8\u03b5 \u03c7\u03ce\u03c1\u03bf\"}]},{\"@type\":\"WebSite\",\"@id\":\"https:\/\/www.egiannakakis.gr\/#website\",\"url\":\"https:\/\/www.egiannakakis.gr\/\",\"name\":\"\u03a4\u03ad\u03bd\u03c4\u03b5\u03c2 \u0393\u03b9\u03b1\u03bd\u03bd\u03b1\u03ba\u03ac\u03ba\u03b7\u03c2\",\"description\":\"\u0392\u03b9\u03bf\u03c4\u03b5\u03c7\u03bd\u03af\u03b1 \u03c3\u03c5\u03c3\u03c4\u03b7\u03bc\u03ac\u03c4\u03c9\u03bd \u03c3\u03ba\u03af\u03b1\u03c3\u03b7\u03c2\",\"publisher\":{\"@id\":\"https:\/\/www.egiannakakis.gr\/#organization\"},\"potentialAction\":[{\"@type\":\"SearchAction\",\"target\":{\"@type\":\"EntryPoint\",\"urlTemplate\":\"https:\/\/www.egiannakakis.gr\/?s={search_term_string}\"},\"query-input\":\"required name=search_term_string\"}],\"inLanguage\":\"de\"},{\"@type\":\"Organization\",\"@id\":\"https:\/\/www.egiannakakis.gr\/#organization\",\"name\":\"\u0391\u03c6\u03bf\u03af \u0393\u03b9\u03b1\u03bd\u03bd\u03b1\u03ba\u03ac\u03ba\u03b7\u03c2\",\"url\":\"https:\/\/www.egiannakakis.gr\/\",\"logo\":{\"@type\":\"ImageObject\",\"inLanguage\":\"de\",\"@id\":\"https:\/\/www.egiannakakis.gr\/#\/schema\/logo\/image\/\",\"url\":\"https:\/\/www.egiannakakis.gr\/wp-content\/uploads\/2018\/02\/egiannakakis-logo.png\",\"contentUrl\":\"https:\/\/www.egiannakakis.gr\/wp-content\/uploads\/2018\/02\/egiannakakis-logo.png\",\"width\":311,\"height\":83,\"caption\":\"\u0391\u03c6\u03bf\u03af \u0393\u03b9\u03b1\u03bd\u03bd\u03b1\u03ba\u03ac\u03ba\u03b7\u03c2\"},\"image\":{\"@id\":\"https:\/\/www.egiannakakis.gr\/#\/schema\/logo\/image\/\"}}]}<\/script>\n<!-- \/ Yoast SEO plugin. -->","yoast_head_json":{"title":"[:el]\u039b\u03cd\u03c3\u03b5\u03b9\u03c2 \u03c3\u03ba\u03af\u03b1\u03c3\u03b7\u03c2 \u03b3\u03b9\u03b1 \u03ba\u03ac\u03b8\u03b5 \u03c7\u03ce\u03c1\u03bf[:en]Shading solution for every space[:de]Beschattungen f\u00fcr jeden Bereich[:] - \u03a4\u03ad\u03bd\u03c4\u03b5\u03c2 \u0393\u03b9\u03b1\u03bd\u03bd\u03b1\u03ba\u03ac\u03ba\u03b7\u03c2","robots":{"index":"index","follow":"follow","max-snippet":"max-snippet:-1","max-image-preview":"max-image-preview:large","max-video-preview":"max-video-preview:-1"},"canonical":"https:\/\/www.egiannakakis.gr\/shading-solutions\/","og_locale":"de_DE","og_type":"article","og_title":"[:el]\u039b\u03cd\u03c3\u03b5\u03b9\u03c2 \u03c3\u03ba\u03af\u03b1\u03c3\u03b7\u03c2 \u03b3\u03b9\u03b1 \u03ba\u03ac\u03b8\u03b5 \u03c7\u03ce\u03c1\u03bf[:en]Shading solution for every space[:de]Beschattungen f\u00fcr jeden Bereich[:] - \u03a4\u03ad\u03bd\u03c4\u03b5\u03c2 \u0393\u03b9\u03b1\u03bd\u03bd\u03b1\u03ba\u03ac\u03ba\u03b7\u03c2","og_description":"Privater Wohnsitz Es handelt sich um den perfekten Ort, um sich sicher zu f\u00fchlen und sich zu entspannen. Diese Gef\u00fchle verleihen Ihnen unsere Beschattungssysteme. Restaurants &#8211; Cafes Lokale sind geeignete Orte, um Beschattungs- und Schutzsysteme anzubringen. Somit wird ein warmes und freundliches Klima f\u00fcr die G\u00e4ste geschaffen. Hotels Kleine Hotels oder auch gro\u00dfe Hotelanlagen sorgen [&hellip;]","og_url":"https:\/\/www.egiannakakis.gr\/shading-solutions\/","og_site_name":"\u03a4\u03ad\u03bd\u03c4\u03b5\u03c2 \u0393\u03b9\u03b1\u03bd\u03bd\u03b1\u03ba\u03ac\u03ba\u03b7\u03c2","article_modified_time":"2025-02-24T11:39:21+00:00","og_image":[{"url":"https:\/\/www.egiannakakis.gr\/wp-content\/uploads\/2018\/02\/P1010009.jpg"}],"twitter_card":"summary_large_image","twitter_misc":{"Gesch\u00e4tzte Lesezeit":"8\u00a0Minuten"},"schema":{"@context":"https:\/\/schema.org","@graph":[{"@type":"WebPage","@id":"https:\/\/www.egiannakakis.gr\/shading-solutions\/","url":"https:\/\/www.egiannakakis.gr\/shading-solutions\/","name":"[:el]\u039b\u03cd\u03c3\u03b5\u03b9\u03c2 \u03c3\u03ba\u03af\u03b1\u03c3\u03b7\u03c2 \u03b3\u03b9\u03b1 \u03ba\u03ac\u03b8\u03b5 \u03c7\u03ce\u03c1\u03bf[:en]Shading solution for every space[:de]Beschattungen f\u00fcr jeden Bereich[:] - \u03a4\u03ad\u03bd\u03c4\u03b5\u03c2 \u0393\u03b9\u03b1\u03bd\u03bd\u03b1\u03ba\u03ac\u03ba\u03b7\u03c2","isPartOf":{"@id":"https:\/\/www.egiannakakis.gr\/#website"},"primaryImageOfPage":{"@id":"https:\/\/www.egiannakakis.gr\/shading-solutions\/#primaryimage"},"image":{"@id":"https:\/\/www.egiannakakis.gr\/shading-solutions\/#primaryimage"},"thumbnailUrl":"https:\/\/www.egiannakakis.gr\/wp-content\/uploads\/2018\/01\/list-service-01.jpg","datePublished":"2018-01-07T12:27:39+00:00","dateModified":"2025-02-24T11:39:21+00:00","breadcrumb":{"@id":"https:\/\/www.egiannakakis.gr\/shading-solutions\/#breadcrumb"},"inLanguage":"de","potentialAction":[{"@type":"ReadAction","target":["https:\/\/www.egiannakakis.gr\/shading-solutions\/"]}]},{"@type":"ImageObject","inLanguage":"de","@id":"https:\/\/www.egiannakakis.gr\/shading-solutions\/#primaryimage","url":"https:\/\/www.egiannakakis.gr\/wp-content\/uploads\/2018\/01\/list-service-01.jpg","contentUrl":"https:\/\/www.egiannakakis.gr\/wp-content\/uploads\/2018\/01\/list-service-01.jpg","width":310,"height":288},{"@type":"BreadcrumbList","@id":"https:\/\/www.egiannakakis.gr\/shading-solutions\/#breadcrumb","itemListElement":[{"@type":"ListItem","position":1,"name":"Home","item":"https:\/\/www.egiannakakis.gr\/"},{"@type":"ListItem","position":2,"name":"\u039b\u03cd\u03c3\u03b5\u03b9\u03c2 \u03c3\u03ba\u03af\u03b1\u03c3\u03b7\u03c2 \u03b3\u03b9\u03b1 \u03ba\u03ac\u03b8\u03b5 \u03c7\u03ce\u03c1\u03bf"}]},{"@type":"WebSite","@id":"https:\/\/www.egiannakakis.gr\/#website","url":"https:\/\/www.egiannakakis.gr\/","name":"\u03a4\u03ad\u03bd\u03c4\u03b5\u03c2 \u0393\u03b9\u03b1\u03bd\u03bd\u03b1\u03ba\u03ac\u03ba\u03b7\u03c2","description":"\u0392\u03b9\u03bf\u03c4\u03b5\u03c7\u03bd\u03af\u03b1 \u03c3\u03c5\u03c3\u03c4\u03b7\u03bc\u03ac\u03c4\u03c9\u03bd \u03c3\u03ba\u03af\u03b1\u03c3\u03b7\u03c2","publisher":{"@id":"https:\/\/www.egiannakakis.gr\/#organization"},"potentialAction":[{"@type":"SearchAction","target":{"@type":"EntryPoint","urlTemplate":"https:\/\/www.egiannakakis.gr\/?s={search_term_string}"},"query-input":"required name=search_term_string"}],"inLanguage":"de"},{"@type":"Organization","@id":"https:\/\/www.egiannakakis.gr\/#organization","name":"\u0391\u03c6\u03bf\u03af \u0393\u03b9\u03b1\u03bd\u03bd\u03b1\u03ba\u03ac\u03ba\u03b7\u03c2","url":"https:\/\/www.egiannakakis.gr\/","logo":{"@type":"ImageObject","inLanguage":"de","@id":"https:\/\/www.egiannakakis.gr\/#\/schema\/logo\/image\/","url":"https:\/\/www.egiannakakis.gr\/wp-content\/uploads\/2018\/02\/egiannakakis-logo.png","contentUrl":"https:\/\/www.egiannakakis.gr\/wp-content\/uploads\/2018\/02\/egiannakakis-logo.png","width":311,"height":83,"caption":"\u0391\u03c6\u03bf\u03af \u0393\u03b9\u03b1\u03bd\u03bd\u03b1\u03ba\u03ac\u03ba\u03b7\u03c2"},"image":{"@id":"https:\/\/www.egiannakakis.gr\/#\/schema\/logo\/image\/"}}]}},"_links":{"self":[{"href":"https:\/\/www.egiannakakis.gr\/de\/wp-json\/wp\/v2\/pages\/11"}],"collection":[{"href":"https:\/\/www.egiannakakis.gr\/de\/wp-json\/wp\/v2\/pages"}],"about":[{"href":"https:\/\/www.egiannakakis.gr\/de\/wp-json\/wp\/v2\/types\/page"}],"author":[{"embeddable":true,"href":"https:\/\/www.egiannakakis.gr\/de\/wp-json\/wp\/v2\/users\/1"}],"replies":[{"embeddable":true,"href":"https:\/\/www.egiannakakis.gr\/de\/wp-json\/wp\/v2\/comments?post=11"}],"version-history":[{"count":15,"href":"https:\/\/www.egiannakakis.gr\/de\/wp-json\/wp\/v2\/pages\/11\/revisions"}],"predecessor-version":[{"id":2586,"href":"https:\/\/www.egiannakakis.gr\/de\/wp-json\/wp\/v2\/pages\/11\/revisions\/2586"}],"wp:attachment":[{"href":"https:\/\/www.egiannakakis.gr\/de\/wp-json\/wp\/v2\/media?parent=11"}],"curies":[{"name":"wp","href":"https:\/\/api.w.org\/{rel}","templated":true}]}}